{"id":602,"date":"2024-12-01T10:56:01","date_gmt":"2024-12-01T10:56:01","guid":{"rendered":"https:\/\/intellerzone.com\/?page_id=602"},"modified":"2024-12-01T10:56:01","modified_gmt":"2024-12-01T10:56:01","slug":"reklam-verin","status":"publish","type":"page","link":"https:\/\/intellerzone.com\/tr\/reklam-verin\/","title":{"rendered":"REKLAM VER\u0130N"},"content":{"rendered":"<p>Intellerzone&#8217;a reklam vermek i\u00e7in hello@intellerzone.com mail adresinden ula\u015fabilir ya da a\u015fa\u011f\u0131dan &#8220;Reklam&#8221; kategorisini se\u00e7erek formu doldurabilirsiniz.<\/p>\n\n\n\n<p>\u0130\u015fbirli\u011fi talepleriniz i\u00e7in yine hello@intellerzone.com mail adresinden bize ula\u015fabilir ya da a\u015fa\u011f\u0131dan &#8220;\u0130\u015fbirli\u011fi&#8221; kategorisini se\u00e7erek formu doldurabilirsiniz.<\/p>","protected":false},"excerpt":{"rendered":"<p>Intellerzone&#8217;a reklam vermek i\u00e7in hello@intellerzone.com mail adresinden&#8230;<\/p>","protected":false},"author":2,"featured_media":0,"parent":0,"menu_order":0,"comment_status":"closed","ping_status":"closed","template":"","meta":{"_themeisle_gutenberg_block_has_review":false,"footnotes":""},"class_list":["post-602","page","type-page","status-publish","hentry"],"yoast_head":"<!-- This site is optimized with the Yoast SEO plugin v25.9 - https:\/\/yoast.com\/wordpress\/plugins\/seo\/ -->\n<title>REKLAM VER\u0130N - Intellerzone<\/title>\n<meta name=\"robots\" content=\"index, follow, max-snippet:-1, max-image-preview:large, max-video-preview:-1\" \/>\n<link rel=\"canonical\" href=\"https:\/\/intellerzone.com\/tr\/reklam-verin\/\" \/>\n<meta property=\"og:locale\" content=\"tr_TR\" \/>\n<meta property=\"og:type\" content=\"article\" \/>\n<meta property=\"og:title\" content=\"REKLAM VER\u0130N - Intellerzone\" \/>\n<meta property=\"og:description\" content=\"Intellerzone&#8217;a reklam vermek i\u00e7in hello@intellerzone.com mail adresinden...\" \/>\n<meta property=\"og:url\" content=\"https:\/\/intellerzone.com\/tr\/reklam-verin\/\" \/>\n<meta property=\"og:site_name\" content=\"Intellerzone\" \/>\n<meta name=\"twitter:card\" content=\"summary_large_image\" \/>\n<meta name=\"twitter:site\" content=\"@Intellerzone\" \/>\n<meta name=\"twitter:label1\" content=\"Tahmini okuma s\u00fcresi\" \/>\n\t<meta name=\"twitter:data1\" content=\"1 dakika\" \/>\n<script type=\"application\/ld+json\" class=\"yoast-schema-graph\">{\"@context\":\"https:\/\/schema.org\",\"@graph\":[{\"@type\":\"WebPage\",\"@id\":\"https:\/\/intellerzone.com\/tr\/reklam-verin\/\",\"url\":\"https:\/\/intellerzone.com\/tr\/reklam-verin\/\",\"name\":\"REKLAM VER\u0130N - Intellerzone\",\"isPartOf\":{\"@id\":\"https:\/\/intellerzone.com\/tr\/#website\"},\"datePublished\":\"2024-12-01T10:56:01+00:00\",\"breadcrumb\":{\"@id\":\"https:\/\/intellerzone.com\/tr\/reklam-verin\/#breadcrumb\"},\"inLanguage\":\"tr\",\"potentialAction\":[{\"@type\":\"ReadAction\",\"target\":[\"https:\/\/intellerzone.com\/tr\/reklam-verin\/\"]}]},{\"@type\":\"BreadcrumbList\",\"@id\":\"https:\/\/intellerzone.com\/tr\/reklam-verin\/#breadcrumb\",\"itemListElement\":[{\"@type\":\"ListItem\",\"position\":1,\"name\":\"Anasayfa\",\"item\":\"https:\/\/intellerzone.com\/tr\/\"},{\"@type\":\"ListItem\",\"position\":2,\"name\":\"REKLAM VER\u0130N\"}]},{\"@type\":\"WebSite\",\"@id\":\"https:\/\/intellerzone.com\/tr\/#website\",\"url\":\"https:\/\/intellerzone.com\/tr\/\",\"name\":\"Intellerzone\",\"description\":\"Entelekt\u00fcellerin #1 Numaral\u0131 Platformu\",\"publisher\":{\"@id\":\"https:\/\/intellerzone.com\/tr\/#organization\"},\"potentialAction\":[{\"@type\":\"SearchAction\",\"target\":{\"@type\":\"EntryPoint\",\"urlTemplate\":\"https:\/\/intellerzone.com\/tr\/?s={search_term_string}\"},\"query-input\":{\"@type\":\"PropertyValueSpecification\",\"valueRequired\":true,\"valueName\":\"search_term_string\"}}],\"inLanguage\":\"tr\"},{\"@type\":\"Organization\",\"@id\":\"https:\/\/intellerzone.com\/tr\/#organization\",\"name\":\"Intellerzone\",\"url\":\"https:\/\/intellerzone.com\/tr\/\",\"logo\":{\"@type\":\"ImageObject\",\"inLanguage\":\"tr\",\"@id\":\"https:\/\/intellerzone.com\/tr\/#\/schema\/logo\/image\/\",\"url\":\"https:\/\/intellerzone.com\/wp-content\/uploads\/2024\/12\/cropped-intellerzone-logo-guncel-3.png\",\"contentUrl\":\"https:\/\/intellerzone.com\/wp-content\/uploads\/2024\/12\/cropped-intellerzone-logo-guncel-3.png\",\"width\":1399,\"height\":207,\"caption\":\"Intellerzone\"},\"image\":{\"@id\":\"https:\/\/intellerzone.com\/tr\/#\/schema\/logo\/image\/\"},\"sameAs\":[\"https:\/\/x.com\/Intellerzone\",\"https:\/\/www.youtube.com\/@Intellerzone\",\"https:\/\/www.instagram.com\/intellerzone\/\"]}]}<\/script>\n<!-- \/ Yoast SEO plugin. -->","yoast_head_json":{"title":"REKLAM VER\u0130N - Intellerzone","robots":{"index":"index","follow":"follow","max-snippet":"max-snippet:-1","max-image-preview":"max-image-preview:large","max-video-preview":"max-video-preview:-1"},"canonical":"https:\/\/intellerzone.com\/tr\/reklam-verin\/","og_locale":"tr_TR","og_type":"article","og_title":"REKLAM VER\u0130N - Intellerzone","og_description":"Intellerzone&#8217;a reklam vermek i\u00e7in hello@intellerzone.com mail adresinden...","og_url":"https:\/\/intellerzone.com\/tr\/reklam-verin\/","og_site_name":"Intellerzone","twitter_card":"summary_large_image","twitter_site":"@Intellerzone","twitter_misc":{"Tahmini okuma s\u00fcresi":"1 dakika"},"schema":{"@context":"https:\/\/schema.org","@graph":[{"@type":"WebPage","@id":"https:\/\/intellerzone.com\/tr\/reklam-verin\/","url":"https:\/\/intellerzone.com\/tr\/reklam-verin\/","name":"REKLAM VER\u0130N - Intellerzone","isPartOf":{"@id":"https:\/\/intellerzone.com\/tr\/#website"},"datePublished":"2024-12-01T10:56:01+00:00","breadcrumb":{"@id":"https:\/\/intellerzone.com\/tr\/reklam-verin\/#breadcrumb"},"inLanguage":"tr","potentialAction":[{"@type":"ReadAction","target":["https:\/\/intellerzone.com\/tr\/reklam-verin\/"]}]},{"@type":"BreadcrumbList","@id":"https:\/\/intellerzone.com\/tr\/reklam-verin\/#breadcrumb","itemListElement":[{"@type":"ListItem","position":1,"name":"Anasayfa","item":"https:\/\/intellerzone.com\/tr\/"},{"@type":"ListItem","position":2,"name":"REKLAM VER\u0130N"}]},{"@type":"WebSite","@id":"https:\/\/intellerzone.com\/tr\/#website","url":"https:\/\/intellerzone.com\/tr\/","name":"Intellerzone","description":"Entelekt\u00fcellerin #1 Numaral\u0131 Platformu","publisher":{"@id":"https:\/\/intellerzone.com\/tr\/#organization"},"potentialAction":[{"@type":"SearchAction","target":{"@type":"EntryPoint","urlTemplate":"https:\/\/intellerzone.com\/tr\/?s={search_term_string}"},"query-input":{"@type":"PropertyValueSpecification","valueRequired":true,"valueName":"search_term_string"}}],"inLanguage":"tr"},{"@type":"Organization","@id":"https:\/\/intellerzone.com\/tr\/#organization","name":"Intellerzone","url":"https:\/\/intellerzone.com\/tr\/","logo":{"@type":"ImageObject","inLanguage":"tr","@id":"https:\/\/intellerzone.com\/tr\/#\/schema\/logo\/image\/","url":"https:\/\/intellerzone.com\/wp-content\/uploads\/2024\/12\/cropped-intellerzone-logo-guncel-3.png","contentUrl":"https:\/\/intellerzone.com\/wp-content\/uploads\/2024\/12\/cropped-intellerzone-logo-guncel-3.png","width":1399,"height":207,"caption":"Intellerzone"},"image":{"@id":"https:\/\/intellerzone.com\/tr\/#\/schema\/logo\/image\/"},"sameAs":["https:\/\/x.com\/Intellerzone","https:\/\/www.youtube.com\/@Intellerzone","https:\/\/www.instagram.com\/intellerzone\/"]}]}},"jetpack_sharing_enabled":true,"_links":{"self":[{"href":"https:\/\/intellerzone.com\/tr\/wp-json\/wp\/v2\/pages\/602","targetHints":{"allow":["GET"]}}],"collection":[{"href":"https:\/\/intellerzone.com\/tr\/wp-json\/wp\/v2\/pages"}],"about":[{"href":"https:\/\/intellerzone.com\/tr\/wp-json\/wp\/v2\/types\/page"}],"author":[{"embeddable":true,"href":"https:\/\/intellerzone.com\/tr\/wp-json\/wp\/v2\/users\/2"}],"replies":[{"embeddable":true,"href":"https:\/\/intellerzone.com\/tr\/wp-json\/wp\/v2\/comments?post=602"}],"version-history":[{"count":1,"href":"https:\/\/intellerzone.com\/tr\/wp-json\/wp\/v2\/pages\/602\/revisions"}],"predecessor-version":[{"id":603,"href":"https:\/\/intellerzone.com\/tr\/wp-json\/wp\/v2\/pages\/602\/revisions\/603"}],"wp:attachment":[{"href":"https:\/\/intellerzone.com\/tr\/wp-json\/wp\/v2\/media?parent=602"}],"curies":[{"name":"wp","href":"https:\/\/api.w.org\/{rel}","templated":true}]}}