{"id":628,"date":"2024-12-01T13:25:43","date_gmt":"2024-12-01T13:25:43","guid":{"rendered":"https:\/\/intellerzone.com\/?page_id=628"},"modified":"2024-12-01T22:29:38","modified_gmt":"2024-12-01T22:29:38","slug":"etkinlik-takvimi","status":"publish","type":"page","link":"https:\/\/intellerzone.com\/tr\/etkinlik-takvimi\/","title":{"rendered":"ETK\u0130NL\u0130K TAKV\u0130M\u0130"},"content":{"rendered":"<p>Hen\u00fcz kay\u0131tl\u0131 bir etkinlik bulunmamaktad\u0131r.<\/p>","protected":false},"excerpt":{"rendered":"<p>Hen\u00fcz kay\u0131tl\u0131 bir etkinlik bulunmamaktad\u0131r.<\/p>","protected":false},"author":2,"featured_media":0,"parent":0,"menu_order":0,"comment_status":"closed","ping_status":"closed","template":"","meta":{"_themeisle_gutenberg_block_has_review":false,"footnotes":""},"class_list":["post-628","page","type-page","status-publish","hentry"],"yoast_head":"<!-- This site is optimized with the Yoast SEO plugin v25.9 - https:\/\/yoast.com\/wordpress\/plugins\/seo\/ -->\n<title>ETK\u0130NL\u0130K TAKV\u0130M\u0130 - Intellerzone<\/title>\n<meta name=\"description\" content=\"Intellerzone&#039;un d\u00fczenleyece\u011fi t\u00fcm etkinlikler, seminerler, topluluk bulu\u015fmalar\u0131, organizasyonlar, partiler, konserler, festivaller burada.\" \/>\n<meta name=\"robots\" content=\"index, follow, max-snippet:-1, max-image-preview:large, max-video-preview:-1\" \/>\n<link rel=\"canonical\" href=\"https:\/\/intellerzone.com\/tr\/etkinlik-takvimi\/\" \/>\n<meta property=\"og:locale\" content=\"tr_TR\" \/>\n<meta property=\"og:type\" content=\"article\" \/>\n<meta property=\"og:title\" content=\"ETK\u0130NL\u0130K TAKV\u0130M\u0130 - Intellerzone\" \/>\n<meta property=\"og:description\" content=\"Intellerzone&#039;un d\u00fczenleyece\u011fi t\u00fcm etkinlikler, seminerler, topluluk bulu\u015fmalar\u0131, organizasyonlar, partiler, konserler, festivaller burada.\" \/>\n<meta property=\"og:url\" content=\"https:\/\/intellerzone.com\/tr\/etkinlik-takvimi\/\" \/>\n<meta property=\"og:site_name\" content=\"Intellerzone\" \/>\n<meta property=\"article:modified_time\" content=\"2024-12-01T22:29:38+00:00\" \/>\n<meta name=\"twitter:card\" content=\"summary_large_image\" \/>\n<meta name=\"twitter:site\" content=\"@Intellerzone\" \/>\n<meta name=\"twitter:label1\" content=\"Tahmini okuma s\u00fcresi\" \/>\n\t<meta name=\"twitter:data1\" content=\"1 dakika\" \/>\n<script type=\"application\/ld+json\" class=\"yoast-schema-graph\">{\"@context\":\"https:\/\/schema.org\",\"@graph\":[{\"@type\":\"WebPage\",\"@id\":\"https:\/\/intellerzone.com\/tr\/etkinlik-takvimi\/\",\"url\":\"https:\/\/intellerzone.com\/tr\/etkinlik-takvimi\/\",\"name\":\"ETK\u0130NL\u0130K TAKV\u0130M\u0130 - Intellerzone\",\"isPartOf\":{\"@id\":\"https:\/\/intellerzone.com\/tr\/#website\"},\"datePublished\":\"2024-12-01T13:25:43+00:00\",\"dateModified\":\"2024-12-01T22:29:38+00:00\",\"description\":\"Intellerzone'un d\u00fczenleyece\u011fi t\u00fcm etkinlikler, seminerler, topluluk bulu\u015fmalar\u0131, organizasyonlar, partiler, konserler, festivaller burada.\",\"breadcrumb\":{\"@id\":\"https:\/\/intellerzone.com\/tr\/etkinlik-takvimi\/#breadcrumb\"},\"inLanguage\":\"tr\",\"potentialAction\":[{\"@type\":\"ReadAction\",\"target\":[\"https:\/\/intellerzone.com\/tr\/etkinlik-takvimi\/\"]}]},{\"@type\":\"BreadcrumbList\",\"@id\":\"https:\/\/intellerzone.com\/tr\/etkinlik-takvimi\/#breadcrumb\",\"itemListElement\":[{\"@type\":\"ListItem\",\"position\":1,\"name\":\"Anasayfa\",\"item\":\"https:\/\/intellerzone.com\/tr\/\"},{\"@type\":\"ListItem\",\"position\":2,\"name\":\"ETK\u0130NL\u0130K TAKV\u0130M\u0130\"}]},{\"@type\":\"WebSite\",\"@id\":\"https:\/\/intellerzone.com\/tr\/#website\",\"url\":\"https:\/\/intellerzone.com\/tr\/\",\"name\":\"Intellerzone\",\"description\":\"Entelekt\u00fcellerin #1 Numaral\u0131 Platformu\",\"publisher\":{\"@id\":\"https:\/\/intellerzone.com\/tr\/#organization\"},\"potentialAction\":[{\"@type\":\"SearchAction\",\"target\":{\"@type\":\"EntryPoint\",\"urlTemplate\":\"https:\/\/intellerzone.com\/tr\/?s={search_term_string}\"},\"query-input\":{\"@type\":\"PropertyValueSpecification\",\"valueRequired\":true,\"valueName\":\"search_term_string\"}}],\"inLanguage\":\"tr\"},{\"@type\":\"Organization\",\"@id\":\"https:\/\/intellerzone.com\/tr\/#organization\",\"name\":\"Intellerzone\",\"url\":\"https:\/\/intellerzone.com\/tr\/\",\"logo\":{\"@type\":\"ImageObject\",\"inLanguage\":\"tr\",\"@id\":\"https:\/\/intellerzone.com\/tr\/#\/schema\/logo\/image\/\",\"url\":\"https:\/\/intellerzone.com\/wp-content\/uploads\/2024\/12\/cropped-intellerzone-logo-guncel-3.png\",\"contentUrl\":\"https:\/\/intellerzone.com\/wp-content\/uploads\/2024\/12\/cropped-intellerzone-logo-guncel-3.png\",\"width\":1399,\"height\":207,\"caption\":\"Intellerzone\"},\"image\":{\"@id\":\"https:\/\/intellerzone.com\/tr\/#\/schema\/logo\/image\/\"},\"sameAs\":[\"https:\/\/x.com\/Intellerzone\",\"https:\/\/www.youtube.com\/@Intellerzone\",\"https:\/\/www.instagram.com\/intellerzone\/\"]}]}<\/script>\n<!-- \/ Yoast SEO plugin. -->","yoast_head_json":{"title":"ETK\u0130NL\u0130K TAKV\u0130M\u0130 - Intellerzone","description":"Intellerzone'un d\u00fczenleyece\u011fi t\u00fcm etkinlikler, seminerler, topluluk bulu\u015fmalar\u0131, organizasyonlar, partiler, konserler, festivaller burada.","robots":{"index":"index","follow":"follow","max-snippet":"max-snippet:-1","max-image-preview":"max-image-preview:large","max-video-preview":"max-video-preview:-1"},"canonical":"https:\/\/intellerzone.com\/tr\/etkinlik-takvimi\/","og_locale":"tr_TR","og_type":"article","og_title":"ETK\u0130NL\u0130K TAKV\u0130M\u0130 - Intellerzone","og_description":"Intellerzone'un d\u00fczenleyece\u011fi t\u00fcm etkinlikler, seminerler, topluluk bulu\u015fmalar\u0131, organizasyonlar, partiler, konserler, festivaller burada.","og_url":"https:\/\/intellerzone.com\/tr\/etkinlik-takvimi\/","og_site_name":"Intellerzone","article_modified_time":"2024-12-01T22:29:38+00:00","twitter_card":"summary_large_image","twitter_site":"@Intellerzone","twitter_misc":{"Tahmini okuma s\u00fcresi":"1 dakika"},"schema":{"@context":"https:\/\/schema.org","@graph":[{"@type":"WebPage","@id":"https:\/\/intellerzone.com\/tr\/etkinlik-takvimi\/","url":"https:\/\/intellerzone.com\/tr\/etkinlik-takvimi\/","name":"ETK\u0130NL\u0130K TAKV\u0130M\u0130 - Intellerzone","isPartOf":{"@id":"https:\/\/intellerzone.com\/tr\/#website"},"datePublished":"2024-12-01T13:25:43+00:00","dateModified":"2024-12-01T22:29:38+00:00","description":"Intellerzone'un d\u00fczenleyece\u011fi t\u00fcm etkinlikler, seminerler, topluluk bulu\u015fmalar\u0131, organizasyonlar, partiler, konserler, festivaller burada.","breadcrumb":{"@id":"https:\/\/intellerzone.com\/tr\/etkinlik-takvimi\/#breadcrumb"},"inLanguage":"tr","potentialAction":[{"@type":"ReadAction","target":["https:\/\/intellerzone.com\/tr\/etkinlik-takvimi\/"]}]},{"@type":"BreadcrumbList","@id":"https:\/\/intellerzone.com\/tr\/etkinlik-takvimi\/#breadcrumb","itemListElement":[{"@type":"ListItem","position":1,"name":"Anasayfa","item":"https:\/\/intellerzone.com\/tr\/"},{"@type":"ListItem","position":2,"name":"ETK\u0130NL\u0130K TAKV\u0130M\u0130"}]},{"@type":"WebSite","@id":"https:\/\/intellerzone.com\/tr\/#website","url":"https:\/\/intellerzone.com\/tr\/","name":"Intellerzone","description":"Entelekt\u00fcellerin #1 Numaral\u0131 Platformu","publisher":{"@id":"https:\/\/intellerzone.com\/tr\/#organization"},"potentialAction":[{"@type":"SearchAction","target":{"@type":"EntryPoint","urlTemplate":"https:\/\/intellerzone.com\/tr\/?s={search_term_string}"},"query-input":{"@type":"PropertyValueSpecification","valueRequired":true,"valueName":"search_term_string"}}],"inLanguage":"tr"},{"@type":"Organization","@id":"https:\/\/intellerzone.com\/tr\/#organization","name":"Intellerzone","url":"https:\/\/intellerzone.com\/tr\/","logo":{"@type":"ImageObject","inLanguage":"tr","@id":"https:\/\/intellerzone.com\/tr\/#\/schema\/logo\/image\/","url":"https:\/\/intellerzone.com\/wp-content\/uploads\/2024\/12\/cropped-intellerzone-logo-guncel-3.png","contentUrl":"https:\/\/intellerzone.com\/wp-content\/uploads\/2024\/12\/cropped-intellerzone-logo-guncel-3.png","width":1399,"height":207,"caption":"Intellerzone"},"image":{"@id":"https:\/\/intellerzone.com\/tr\/#\/schema\/logo\/image\/"},"sameAs":["https:\/\/x.com\/Intellerzone","https:\/\/www.youtube.com\/@Intellerzone","https:\/\/www.instagram.com\/intellerzone\/"]}]}},"jetpack_sharing_enabled":true,"_links":{"self":[{"href":"https:\/\/intellerzone.com\/tr\/wp-json\/wp\/v2\/pages\/628","targetHints":{"allow":["GET"]}}],"collection":[{"href":"https:\/\/intellerzone.com\/tr\/wp-json\/wp\/v2\/pages"}],"about":[{"href":"https:\/\/intellerzone.com\/tr\/wp-json\/wp\/v2\/types\/page"}],"author":[{"embeddable":true,"href":"https:\/\/intellerzone.com\/tr\/wp-json\/wp\/v2\/users\/2"}],"replies":[{"embeddable":true,"href":"https:\/\/intellerzone.com\/tr\/wp-json\/wp\/v2\/comments?post=628"}],"version-history":[{"count":1,"href":"https:\/\/intellerzone.com\/tr\/wp-json\/wp\/v2\/pages\/628\/revisions"}],"predecessor-version":[{"id":629,"href":"https:\/\/intellerzone.com\/tr\/wp-json\/wp\/v2\/pages\/628\/revisions\/629"}],"wp:attachment":[{"href":"https:\/\/intellerzone.com\/tr\/wp-json\/wp\/v2\/media?parent=628"}],"curies":[{"name":"wp","href":"https:\/\/api.w.org\/{rel}","templated":true}]}}